{"id":2,"date":"2014-08-25T15:03:52","date_gmt":"2014-08-25T15:03:52","guid":{"rendered":"http:\/\/www.metalicaesquivel.com\/?page_id=2"},"modified":"2018-03-14T11:22:01","modified_gmt":"2018-03-14T11:22:01","slug":"home","status":"publish","type":"page","link":"https:\/\/metalicaesquivel.com\/","title":{"rendered":"Home"},"content":{"rendered":"<p>[et_pb_section bb_built=\u00bb1&#8243; admin_label=\u00bbsection\u00bb fullwidth=\u00bbon\u00bb next_background_color=\u00bb#f4f4f4&#8243;][et_pb_fullwidth_slider admin_label=\u00bbFullwidth Slider\u00bb show_arrows=\u00bbon\u00bb show_pagination=\u00bbon\u00bb auto=\u00bbon\u00bb parallax=\u00bbon\u00bb parallax_method=\u00bboff\u00bb auto_ignore_hover=\u00bboff\u00bb remove_inner_shadow=\u00bboff\u00bb background_position=\u00bbdefault\u00bb background_size=\u00bbdefault\u00bb hide_content_on_mobile=\u00bboff\u00bb hide_cta_on_mobile=\u00bboff\u00bb show_image_video_mobile=\u00bboff\u00bb custom_button=\u00bboff\u00bb button_letter_spacing=\u00bb0&#8243; button_use_icon=\u00bbdefault\u00bb button_icon_placement=\u00bbright\u00bb button_on_hover=\u00bbon\u00bb button_letter_spacing_hover=\u00bb0&#8243; custom_padding=\u00bb|||\u00bb custom_padding_tablet=\u00bb|||\u00bb custom_padding_phone=\u00bb|||\u00bb show_inner_shadow=\u00bbon\u00bb show_content_on_mobile=\u00bbon\u00bb show_cta_on_mobile=\u00bbon\u00bb box_shadow_horizontal=\u00bb0px\u00bb box_shadow_vertical=\u00bb0px\u00bb box_shadow_blur=\u00bb10px\u00bb box_shadow_spread=\u00bb0px\u00bb box_shadow_position=\u00bbinner\u00bb box_shadow_color=\u00bbrgba(0,0,0,0.1)\u00bb box_shadow_style=\u00bbpreset6&#8243;][et_pb_slide heading=\u00bbHERMANOS L\u00d3PEZ ESQUIVEL\u00bb button_text=\u00bb954 258 501 &#8211; 620 984 856 &#8211; 606 116 738&#8243; background_image=\u00bbhttps:\/\/metalicaesquivel.com\/wp-content\/uploads\/2014\/09\/fondo.jpg\u00bb background_color=\u00bb#ffffff\u00bb alignment=\u00bbcenter\u00bb background_layout=\u00bbdark\u00bb background_position=\u00bbdefault\u00bb background_size=\u00bbdefault\u00bb use_bg_overlay=\u00bboff\u00bb use_text_overlay=\u00bboff\u00bb allow_player_pause=\u00bboff\u00bb text_border_radius=\u00bb3&#8243; header_font_select=\u00bbdefault\u00bb header_font=\u00bb||||\u00bb body_font_select=\u00bbdefault\u00bb body_font=\u00bb||||\u00bb custom_button=\u00bboff\u00bb button_font_select=\u00bbdefault\u00bb button_font=\u00bb||||\u00bb button_use_icon=\u00bbdefault\u00bb button_icon_placement=\u00bbright\u00bb button_on_hover=\u00bbon\u00bb]<\/p>\n<p style=\"text-align: center;\"><strong>TALLERES DE CERRAJER\u00cdA ART\u00cdSTICA Y DE OBRAS<\/strong><br \/>\n<strong>CARPINTER\u00cdA EN TODO TIPO DE ALUMINIOS <\/strong><br \/>\n<strong>Y AUTOMATISMOS<\/strong><\/p>\n<p>[\/et_pb_slide][et_pb_slide heading=\u00bbHERMANOS L\u00d3PEZ ESQUIVEL\u00bb button_text=\u00bb954 258 501 &#8211; 620 984 856 &#8211; 606 116 738&#8243; background_image=\u00bbhttps:\/\/metalicaesquivel.com\/wp-content\/uploads\/2014\/08\/prodotti-71540-rel57cec0c7c49d498799a67a5f6b80af04.jpg\u00bb background_color=\u00bb#ffffff\u00bb alignment=\u00bbcenter\u00bb background_layout=\u00bbdark\u00bb background_position=\u00bbdefault\u00bb background_size=\u00bbdefault\u00bb use_bg_overlay=\u00bboff\u00bb use_text_overlay=\u00bboff\u00bb allow_player_pause=\u00bboff\u00bb text_border_radius=\u00bb3&#8243; header_font_select=\u00bbdefault\u00bb header_font=\u00bb||||\u00bb body_font_select=\u00bbdefault\u00bb body_font=\u00bb||||\u00bb custom_button=\u00bboff\u00bb button_font_select=\u00bbdefault\u00bb button_font=\u00bb||||\u00bb button_use_icon=\u00bbdefault\u00bb button_icon_placement=\u00bbright\u00bb button_on_hover=\u00bbon\u00bb]<\/p>\n<p style=\"text-align: center;\"><strong>ESPECIALIDAD EN PUERTAS ENROLLABLES <\/strong><br \/>\n<strong>FABRICACION DE PUERTAS NUEVAS Y REPARACIONES<\/strong><\/p>\n<p>[\/et_pb_slide][\/et_pb_fullwidth_slider][\/et_pb_section][et_pb_section bb_built=\u00bb1&#8243; admin_label=\u00bbsection\u00bb fullwidth=\u00bboff\u00bb transparent_background=\u00bboff\u00bb background_color=\u00bb#f4f4f4&#8243; inner_shadow=\u00bboff\u00bb parallax=\u00bboff\u00bb parallax_method=\u00bboff\u00bb prev_background_color=\u00bb#FFFFFF\u00bb next_background_color=\u00bb#1e93aa\u00bb][et_pb_row admin_label=\u00bbrow\u00bb background_position=\u00bbtop_left\u00bb background_repeat=\u00bbrepeat\u00bb background_size=\u00bbinitial\u00bb][et_pb_column type=\u00bb1_3&#8243;][et_pb_blurb admin_label=\u00bbBlurb\u00bb title=\u00bbL\u00edderes\u00bb url_new_window=\u00bboff\u00bb animation=\u00bboff\u00bb background_layout=\u00bblight\u00bb text_orientation=\u00bbcenter\u00bb icon_placement=\u00bbtop\u00bb font_icon=\u00bb?\u00bb use_icon=\u00bboff\u00bb use_circle=\u00bboff\u00bb use_circle_border=\u00bbon\u00bb icon_color=\u00bb#d14b5d\u00bb circle_color=\u00bb#7c4dd5&#8243; circle_border_color=\u00bb#2caaca\u00bb image=\u00bbhttps:\/\/metalicaesquivel.com\/wp-content\/uploads\/2014\/08\/2334.png\u00bb background_position=\u00bbtop_left\u00bb background_repeat=\u00bbrepeat\u00bb background_size=\u00bbinitial\u00bb]<\/p>\n<p>Nuestra dilatada experiencia, profesionalidad y calidad de nuestras terminaciones nos convierten en todo un referente en el sector.<\/p>\n<p>[\/et_pb_blurb][\/et_pb_column][et_pb_column type=\u00bb1_3&#8243;][et_pb_blurb admin_label=\u00bbBlurb\u00bb title=\u00bbAtenci\u00f3n al cliente\u00bb url_new_window=\u00bboff\u00bb animation=\u00bboff\u00bb background_layout=\u00bblight\u00bb text_orientation=\u00bbcenter\u00bb icon_placement=\u00bbtop\u00bb font_icon=\u00bb?\u00bb use_icon=\u00bboff\u00bb use_circle=\u00bboff\u00bb use_circle_border=\u00bboff\u00bb icon_color=\u00bb#d14b5d\u00bb circle_color=\u00bb#7c4dd5&#8243; circle_border_color=\u00bb#2caaca\u00bb image=\u00bbhttps:\/\/metalicaesquivel.com\/wp-content\/uploads\/2014\/08\/23345555.png\u00bb background_position=\u00bbtop_left\u00bb background_repeat=\u00bbrepeat\u00bb background_size=\u00bbinitial\u00bb]<\/p>\n<p>Mantener a nuestro cliente satisfecho es nuestro objetivo permanente. Queremos que vuelva con nosotros plenamente satisfecho.<\/p>\n<p>[\/et_pb_blurb][\/et_pb_column][et_pb_column type=\u00bb1_3&#8243;][et_pb_blurb admin_label=\u00bbBlurb\u00bb title=\u00bbServicios\u00bb url_new_window=\u00bboff\u00bb animation=\u00bboff\u00bb background_layout=\u00bblight\u00bb text_orientation=\u00bbcenter\u00bb icon_placement=\u00bbtop\u00bb font_icon=\u00bb?\u00bb use_icon=\u00bboff\u00bb use_circle=\u00bboff\u00bb use_circle_border=\u00bboff\u00bb icon_color=\u00bb#d14b5d\u00bb circle_color=\u00bb#7c4dd5&#8243; circle_border_color=\u00bb#2caaca\u00bb image=\u00bbhttps:\/\/metalicaesquivel.com\/wp-content\/uploads\/2014\/08\/2425434657.png\u00bb background_position=\u00bbtop_left\u00bb background_repeat=\u00bbrepeat\u00bb background_size=\u00bbinitial\u00bb]<\/p>\n<p>Sea cual sea su necesidad en carpinter\u00eda met\u00e1lica, consulte con nosotros, tenemos un proyecto y precio adecuado para usted.<\/p>\n<p>[\/et_pb_blurb][\/et_pb_column][\/et_pb_row][\/et_pb_section][et_pb_section bb_built=\u00bb1&#8243; admin_label=\u00bbsection\u00bb fullwidth=\u00bboff\u00bb background_color=\u00bb#1e93aa\u00bb inner_shadow=\u00bboff\u00bb parallax=\u00bboff\u00bb transparent_background=\u00bboff\u00bb parallax_method=\u00bboff\u00bb prev_background_color=\u00bb#f4f4f4&#8243; next_background_color=\u00bb#ffffff\u00bb][et_pb_row admin_label=\u00bbrow\u00bb background_position=\u00bbtop_left\u00bb background_repeat=\u00bbrepeat\u00bb background_size=\u00bbinitial\u00bb][et_pb_column type=\u00bb4_4&#8243;][et_pb_cta admin_label=\u00bbCall To Action\u00bb button_url=\u00bb#\u00bb button_text=\u00bb954 258 501 &#8211; 620 984 856 &#8211; 606 116 738&#8243; background_color=\u00bb#7ebec5&#8243; use_background_color=\u00bboff\u00bb background_layout=\u00bbdark\u00bb text_orientation=\u00bbcenter\u00bb url_new_window=\u00bboff\u00bb use_border_color=\u00bboff\u00bb border_color=\u00bb#ffffff\u00bb border_style=\u00bbsolid\u00bb custom_button=\u00bboff\u00bb button_letter_spacing=\u00bb0&#8243; button_use_icon=\u00bbdefault\u00bb button_icon_placement=\u00bbright\u00bb button_on_hover=\u00bbon\u00bb button_letter_spacing_hover=\u00bb0&#8243; background_position=\u00bbtop_left\u00bb background_repeat=\u00bbrepeat\u00bb background_size=\u00bbinitial\u00bb]<\/p>\n<h1>Especialidad en persianas met\u00e1licas y servicios de herrero<\/h1>\n<p>[\/et_pb_cta][\/et_pb_column][\/et_pb_row][\/et_pb_section][et_pb_section bb_built=\u00bb1&#8243; fullwidth=\u00bboff\u00bb specialty=\u00bboff\u00bb prev_background_color=\u00bb#1e93aa\u00bb next_background_color=\u00bb#27323a\u00bb _builder_version=\u00bb3.0.106&#8243; background_color=\u00bb#ffffff\u00bb background_image=\u00bbhttps:\/\/metalicaesquivel.com\/wp-content\/uploads\/2018\/03\/sssssss.jpg\u00bb][et_pb_row][et_pb_column type=\u00bb4_4&#8243;][et_pb_text _builder_version=\u00bb3.0.106&#8243; background_layout=\u00bbdark\u00bb]<\/p>\n<h2 style=\"text-align: center;\"><strong>Patrocinamos al piloto Roberto Garc\u00eda<\/strong><\/h2>\n<p>[\/et_pb_text][\/et_pb_column][\/et_pb_row][et_pb_row][et_pb_column type=\u00bb1_2&#8243;][et_pb_text _builder_version=\u00bb3.0.106&#8243; background_layout=\u00bblight\u00bb]<\/p>\n<p style=\"text-align: center;\"><a href=\"https:\/\/metalicaesquivel.com\/wp-content\/uploads\/2018\/03\/Roberto-T.Esquivel.jpg\"><img loading=\"lazy\" decoding=\"async\" class=\"alignnone wp-image-713\" src=\"https:\/\/metalicaesquivel.com\/wp-content\/uploads\/2018\/03\/Roberto-T.Esquivel.jpg\" alt=\"\" width=\"225\" height=\"261\" \/><\/a><\/p>\n<p>[\/et_pb_text][\/et_pb_column][et_pb_column type=\u00bb1_2&#8243;][et_pb_image _builder_version=\u00bb3.0.106&#8243; src=\u00bbhttps:\/\/metalicaesquivel.com\/wp-content\/uploads\/2018\/03\/Bomba-y-logo-bueno.png\u00bb show_in_lightbox=\u00bboff\u00bb url_new_window=\u00bboff\u00bb use_overlay=\u00bboff\u00bb always_center_on_mobile=\u00bbon\u00bb force_fullwidth=\u00bboff\u00bb show_bottom_space=\u00bbon\u00bb max_width=\u00bb69%\u00bb \/][et_pb_button _builder_version=\u00bb3.0.106&#8243; button_text=\u00bbIr a su p\u00e1gina web\u00bb button_url=\u00bbhttp:\/\/www.r31.es\/\u00bb url_new_window=\u00bbon\u00bb button_alignment=\u00bbleft\u00bb background_layout=\u00bblight\u00bb custom_button=\u00bbon\u00bb button_icon=\u00bb%%32%%\u00bb button_icon_placement=\u00bbright\u00bb \/][\/et_pb_column][\/et_pb_row][\/et_pb_section][et_pb_section bb_built=\u00bb1&#8243; admin_label=\u00bbsection\u00bb fullwidth=\u00bboff\u00bb background_color=\u00bb#27323a\u00bb inner_shadow=\u00bboff\u00bb parallax=\u00bboff\u00bb prev_background_color=\u00bb#ffffff\u00bb next_background_color=\u00bb#22262e\u00bb][et_pb_row admin_label=\u00bbrow\u00bb background_position=\u00bbtop_left\u00bb background_repeat=\u00bbrepeat\u00bb background_size=\u00bbinitial\u00bb][et_pb_column type=\u00bb4_4&#8243;][et_pb_text admin_label=\u00bbText\u00bb background_layout=\u00bbdark\u00bb text_orientation=\u00bbcenter\u00bb background_position=\u00bbtop_left\u00bb background_repeat=\u00bbrepeat\u00bb background_size=\u00bbinitial\u00bb module_alignment=\u00bbcenter\u00bb]<\/p>\n<h1>Una elecci\u00f3n ganadora<\/h1>\n<p>Decidir a qui\u00e9n encargar un trabajo de carpinter\u00eda met\u00e1lica no es siempre una decisi\u00f3n f\u00e1cil. Son muchos los factores a valorar. Apostar por nosotros es la decisi\u00f3n correcta, nuestro equilibro calidad-precio y nuestro compromiso con el cliente le dejar\u00e1n plenamente satisfecho con su elecci\u00f3n<\/p>\n<p>[\/et_pb_text][\/et_pb_column][\/et_pb_row][et_pb_row admin_label=\u00bbrow\u00bb background_position=\u00bbtop_left\u00bb background_repeat=\u00bbrepeat\u00bb background_size=\u00bbinitial\u00bb][et_pb_column type=\u00bb4_4&#8243;][et_pb_image admin_label=\u00bbImage\u00bb src=\u00bbhttps:\/\/metalicaesquivel.com\/wp-content\/uploads\/2014\/08\/encabezado1.jpg\u00bb url_new_window=\u00bboff\u00bb animation=\u00bbright\u00bb show_in_lightbox=\u00bboff\u00bb sticky=\u00bboff\u00bb animation_style=\u00bbslide\u00bb animation_duration=\u00bb500ms\u00bb animation_intensity_slide=\u00bb10%\u00bb animation_direction=\u00bbright\u00bb show_bottom_space=\u00bbon\u00bb]<\/p>\n<p>&nbsp;<\/p>\n<p>[\/et_pb_image][\/et_pb_column][\/et_pb_row][\/et_pb_section][et_pb_section bb_built=\u00bb1&#8243; admin_label=\u00bbsection\u00bb fullwidth=\u00bboff\u00bb background_color=\u00bb#22262e\u00bb inner_shadow=\u00bboff\u00bb parallax=\u00bbon\u00bb prev_background_color=\u00bb#27323a\u00bb next_background_color=\u00bb#FFFFFF\u00bb][et_pb_row admin_label=\u00bbrow\u00bb background_position=\u00bbtop_left\u00bb background_repeat=\u00bbrepeat\u00bb background_size=\u00bbinitial\u00bb][et_pb_column type=\u00bb1_4&#8243;][et_pb_number_counter admin_label=\u00bbNumber Counter\u00bb title=\u00bbSatisfacci\u00f3n\u00bb number=\u00bb100&#8243; percent_sign=\u00bbon\u00bb counter_color=\u00bb#815ab4&#8243; background_layout=\u00bbdark\u00bb background_position=\u00bbtop_left\u00bb background_repeat=\u00bbrepeat\u00bb background_size=\u00bbinitial\u00bb]<\/p>\n<p>&nbsp;<\/p>\n<p>[\/et_pb_number_counter][\/et_pb_column][et_pb_column type=\u00bb1_4&#8243;][et_pb_number_counter admin_label=\u00bbNumber Counter\u00bb title=\u00bbConfianza\u00bb number=\u00bb100&#8243; percent_sign=\u00bbon\u00bb counter_color=\u00bb#2caaca\u00bb background_layout=\u00bbdark\u00bb background_position=\u00bbtop_left\u00bb background_repeat=\u00bbrepeat\u00bb background_size=\u00bbinitial\u00bb]<\/p>\n<p>&nbsp;<\/p>\n<p>[\/et_pb_number_counter][\/et_pb_column][et_pb_column type=\u00bb1_4&#8243;][et_pb_number_counter admin_label=\u00bbNumber Counter\u00bb title=\u00bbSeguridad\u00bb number=\u00bb100&#8243; percent_sign=\u00bbon\u00bb counter_color=\u00bb#35bbaa\u00bb background_layout=\u00bbdark\u00bb background_position=\u00bbtop_left\u00bb background_repeat=\u00bbrepeat\u00bb background_size=\u00bbinitial\u00bb]<\/p>\n<p>&nbsp;<\/p>\n<p>[\/et_pb_number_counter][\/et_pb_column][et_pb_column type=\u00bb1_4&#8243;][et_pb_number_counter admin_label=\u00bbNumber Counter\u00bb title=\u00bbCalidad\u00bb number=\u00bb100&#8243; percent_sign=\u00bbon\u00bb counter_color=\u00bb#ef6462&#8243; background_layout=\u00bbdark\u00bb background_position=\u00bbtop_left\u00bb background_repeat=\u00bbrepeat\u00bb background_size=\u00bbinitial\u00bb]<\/p>\n<p>&nbsp;<\/p>\n<p>[\/et_pb_number_counter][\/et_pb_column][\/et_pb_row][\/et_pb_section][et_pb_section bb_built=\u00bb1&#8243; admin_label=\u00bbsection\u00bb fullwidth=\u00bbon\u00bb prev_background_color=\u00bb#22262e\u00bb next_background_color=\u00bb#283139&#8243;][et_pb_fullwidth_slider admin_label=\u00bbFullwidth Slider\u00bb show_arrows=\u00bbon\u00bb show_pagination=\u00bbon\u00bb auto=\u00bboff\u00bb parallax=\u00bbon\u00bb parallax_method=\u00bboff\u00bb auto_ignore_hover=\u00bboff\u00bb remove_inner_shadow=\u00bboff\u00bb background_position=\u00bbdefault\u00bb background_size=\u00bbdefault\u00bb hide_content_on_mobile=\u00bboff\u00bb hide_cta_on_mobile=\u00bboff\u00bb show_image_video_mobile=\u00bboff\u00bb custom_button=\u00bboff\u00bb button_letter_spacing=\u00bb0&#8243; button_use_icon=\u00bbdefault\u00bb button_icon_placement=\u00bbright\u00bb button_on_hover=\u00bbon\u00bb button_letter_spacing_hover=\u00bb0&#8243; custom_padding=\u00bb|||\u00bb custom_padding_tablet=\u00bb|||\u00bb custom_padding_phone=\u00bb|||\u00bb show_inner_shadow=\u00bbon\u00bb show_content_on_mobile=\u00bbon\u00bb show_cta_on_mobile=\u00bbon\u00bb box_shadow_horizontal=\u00bb0px\u00bb box_shadow_vertical=\u00bb0px\u00bb box_shadow_blur=\u00bb10px\u00bb box_shadow_spread=\u00bb0px\u00bb box_shadow_position=\u00bbinner\u00bb box_shadow_color=\u00bbrgba(0,0,0,0.1)\u00bb box_shadow_style=\u00bbpreset6&#8243;][et_pb_slide heading=\u00bbHERMANOS L\u00d3PEZ ESQUIVEL\u00bb button_text=\u00bb954 258 501 &#8211; 620 984 856 &#8211; 606 116 738&#8243; button_link=\u00bb#\u00bb background_image=\u00bbhttps:\/\/metalicaesquivel.com\/wp-content\/uploads\/2014\/09\/metal.jpg\u00bb background_color=\u00bb#ffffff\u00bb alignment=\u00bbcenter\u00bb background_layout=\u00bbdark\u00bb background_position=\u00bbdefault\u00bb background_size=\u00bbdefault\u00bb use_bg_overlay=\u00bboff\u00bb use_text_overlay=\u00bboff\u00bb allow_player_pause=\u00bboff\u00bb text_border_radius=\u00bb3&#8243; header_font_select=\u00bbdefault\u00bb header_font=\u00bb||||\u00bb body_font_select=\u00bbdefault\u00bb body_font=\u00bb||||\u00bb custom_button=\u00bboff\u00bb button_font_select=\u00bbdefault\u00bb button_font=\u00bb||||\u00bb button_use_icon=\u00bbdefault\u00bb button_icon_placement=\u00bbright\u00bb button_on_hover=\u00bbon\u00bb]<\/p>\n<p>C\/\u00a0Pino Manso, N\u00ba8 \u00a0&#8211; 41016 \u00a0POLIGONO \u00a0INDUSTRIAL EL PINO &#8211; SEVILLA,<\/p>\n<p>[\/et_pb_slide][\/et_pb_fullwidth_slider][\/et_pb_section][et_pb_section bb_built=\u00bb1&#8243; admin_label=\u00bbsection\u00bb fullwidth=\u00bboff\u00bb background_color=\u00bb#283139&#8243; inner_shadow=\u00bboff\u00bb parallax=\u00bboff\u00bb prev_background_color=\u00bb#FFFFFF\u00bb next_background_color=\u00bb#3c8a96&#8243;][et_pb_row admin_label=\u00bbrow\u00bb background_position=\u00bbtop_left\u00bb background_repeat=\u00bbrepeat\u00bb background_size=\u00bbinitial\u00bb][et_pb_column type=\u00bb4_4&#8243;][et_pb_text admin_label=\u00bbText\u00bb background_layout=\u00bbdark\u00bb text_orientation=\u00bbcenter\u00bb background_position=\u00bbtop_left\u00bb background_repeat=\u00bbrepeat\u00bb background_size=\u00bbinitial\u00bb module_alignment=\u00bbcenter\u00bb]<\/p>\n<h1>M\u00e1s de 66\u00a0a\u00f1os nos avalan<\/h1>\n<p>[\/et_pb_text][\/et_pb_column][\/et_pb_row][et_pb_row admin_label=\u00bbrow\u00bb background_position=\u00bbtop_left\u00bb background_repeat=\u00bbrepeat\u00bb background_size=\u00bbinitial\u00bb][et_pb_column type=\u00bb1_3&#8243;][et_pb_blurb admin_label=\u00bbBlurb\u00bb title=\u00bbExperiencia\u00bb url_new_window=\u00bboff\u00bb icon_placement=\u00bbleft\u00bb font_icon=\u00bbR\u00bb use_icon=\u00bbon\u00bb use_circle=\u00bboff\u00bb use_circle_border=\u00bboff\u00bb icon_color=\u00bb#ec6d5f\u00bb circle_color=\u00bb#2caaca\u00bb circle_border_color=\u00bb#2caaca\u00bb animation=\u00bbbottom\u00bb background_layout=\u00bbdark\u00bb text_orientation=\u00bbcenter\u00bb background_position=\u00bbtop_left\u00bb background_repeat=\u00bbrepeat\u00bb background_size=\u00bbinitial\u00bb]<\/p>\n<p><span style=\"color: #bbbbbb;\">M\u00e1s de 15 a\u00f1os dando satisfacci\u00f3n<\/span><\/p>\n<p>[\/et_pb_blurb][et_pb_blurb admin_label=\u00bbBlurb\u00bb title=\u00bbProfesionalidad\u00bb url_new_window=\u00bboff\u00bb icon_placement=\u00bbleft\u00bb font_icon=\u00bbR\u00bb use_icon=\u00bbon\u00bb use_circle=\u00bboff\u00bb use_circle_border=\u00bboff\u00bb icon_color=\u00bb#1fa0e3&#8243; circle_color=\u00bb#2caaca\u00bb circle_border_color=\u00bb#2caaca\u00bb animation=\u00bbright\u00bb background_layout=\u00bbdark\u00bb text_orientation=\u00bbcenter\u00bb background_position=\u00bbtop_left\u00bb background_repeat=\u00bbrepeat\u00bb background_size=\u00bbinitial\u00bb]<\/p>\n<p><span style=\"color: #bbbbbb;\">Personal altamente especializado<\/span><\/p>\n<p>[\/et_pb_blurb][et_pb_blurb admin_label=\u00bbBlurb\u00bb title=\u00bbGarant\u00eda\u00bb url_new_window=\u00bboff\u00bb icon_placement=\u00bbleft\u00bb font_icon=\u00bbR\u00bb use_icon=\u00bbon\u00bb use_circle=\u00bboff\u00bb use_circle_border=\u00bboff\u00bb icon_color=\u00bb#47bfa4&#8243; circle_color=\u00bb#2caaca\u00bb circle_border_color=\u00bb#2caaca\u00bb animation=\u00bbtop\u00bb background_layout=\u00bbdark\u00bb text_orientation=\u00bbcenter\u00bb background_position=\u00bbtop_left\u00bb background_repeat=\u00bbrepeat\u00bb background_size=\u00bbinitial\u00bb]<\/p>\n<p><span style=\"color: #bbbbbb;\">Cumplimos todas las normativas<\/span><\/p>\n<p>[\/et_pb_blurb][\/et_pb_column][et_pb_column type=\u00bb1_3&#8243;][et_pb_image admin_label=\u00bbImage\u00bb src=\u00bbhttps:\/\/metalicaesquivel.com\/wp-content\/uploads\/2014\/08\/1056832132.jpg\u00bb url_new_window=\u00bboff\u00bb animation=\u00bbbottom\u00bb show_in_lightbox=\u00bboff\u00bb sticky=\u00bboff\u00bb animation_style=\u00bbslide\u00bb animation_duration=\u00bb500ms\u00bb animation_intensity_slide=\u00bb10%\u00bb animation_direction=\u00bbbottom\u00bb show_bottom_space=\u00bbon\u00bb]<\/p>\n<p>&nbsp;<\/p>\n<p>[\/et_pb_image][\/et_pb_column][et_pb_column type=\u00bb1_3&#8243;][et_pb_image admin_label=\u00bbImage\u00bb src=\u00bbhttps:\/\/metalicaesquivel.com\/wp-content\/uploads\/2014\/08\/1129795431.jpg\u00bb url_new_window=\u00bboff\u00bb animation=\u00bbbottom\u00bb show_in_lightbox=\u00bboff\u00bb sticky=\u00bboff\u00bb animation_style=\u00bbslide\u00bb animation_duration=\u00bb500ms\u00bb animation_intensity_slide=\u00bb10%\u00bb animation_direction=\u00bbbottom\u00bb show_bottom_space=\u00bbon\u00bb]<\/p>\n<p>&nbsp;<\/p>\n<p>[\/et_pb_image][\/et_pb_column][\/et_pb_row][\/et_pb_section][et_pb_section bb_built=\u00bb1&#8243; admin_label=\u00bbsection\u00bb fullwidth=\u00bboff\u00bb background_color=\u00bb#3c8a96&#8243; inner_shadow=\u00bboff\u00bb parallax=\u00bboff\u00bb transparent_background=\u00bboff\u00bb parallax_method=\u00bboff\u00bb prev_background_color=\u00bb#283139&#8243;][et_pb_row admin_label=\u00bbrow\u00bb background_position=\u00bbtop_left\u00bb background_repeat=\u00bbrepeat\u00bb background_size=\u00bbinitial\u00bb][et_pb_column type=\u00bb4_4&#8243;][et_pb_cta admin_label=\u00bbCall To Action\u00bb background_color=\u00bb#99aaef\u00bb use_background_color=\u00bboff\u00bb background_layout=\u00bbdark\u00bb text_orientation=\u00bbcenter\u00bb button_url=\u00bb#\u00bb button_text=\u00bb954 258 501 &#8211; 620 984 856 &#8211; 606 116 738&#8243; title=\u00bbLl\u00e1menos ahora para hablar de lo que necesita\u00bb url_new_window=\u00bboff\u00bb use_border_color=\u00bboff\u00bb border_color=\u00bb#ffffff\u00bb border_style=\u00bbsolid\u00bb custom_button=\u00bboff\u00bb button_letter_spacing=\u00bb0&#8243; button_use_icon=\u00bbdefault\u00bb button_icon_placement=\u00bbright\u00bb button_on_hover=\u00bbon\u00bb button_letter_spacing_hover=\u00bb0&#8243; background_position=\u00bbtop_left\u00bb background_repeat=\u00bbrepeat\u00bb background_size=\u00bbinitial\u00bb]<\/p>\n<h1>tenemos algo que ofrecerle<\/h1>\n<p>[\/et_pb_cta][\/et_pb_column][\/et_pb_row][\/et_pb_section]<\/p>\n","protected":false},"excerpt":{"rendered":"<p>TALLERES DE CERRAJER\u00cdA ART\u00cdSTICA Y DE OBRAS CARPINTER\u00cdA EN TODO TIPO DE ALUMINIOS Y AUTOMATISMOS ESPECIALIDAD EN PUERTAS ENROLLABLES FABRICACION DE PUERTAS NUEVAS Y REPARACIONES Nuestra dilatada experiencia, profesionalidad y calidad de nuestras terminaciones nos convierten en todo un referente en el sector. Mantener a nuestro cliente satisfecho es nuestro objetivo permanente. Queremos que vuelva [&hellip;]<\/p>\n","protected":false},"author":1,"featured_media":0,"parent":0,"menu_order":0,"comment_status":"open","ping_status":"closed","template":"","meta":{"_et_pb_use_builder":"on","_et_pb_old_content":"<p>This is an example page. It's different from a blog post because it will stay in one place and will show up in your site navigation (in most themes). Most people start with an About page that introduces them to potential site visitors. It might say something like this:<\/p><blockquote><p>Hi there! I'm a bike messenger by day, aspiring actor by night, and this is my blog. I live in Los Angeles, have a great dog named Jack, and I like pi\u00f1a coladas. (And gettin' caught in the rain.)<\/p><\/blockquote><p>...or something like this:<\/p><blockquote><p>The XYZ Doohickey Company was founded in 1971, and has been providing quality doohickeys to the public ever since. Located in Gotham City, XYZ employs over 2,000 people and does all kinds of awesome things for the Gotham community.<\/p><\/blockquote><p>As a new WordPress user, you should go to <a href=\"https:\/\/metalicaesquivel.com\/wp-admin\/\">your dashboard<\/a> to delete this page and create new pages for your content. Have fun!<\/p>","_et_gb_content_width":"","footnotes":""},"class_list":["post-2","page","type-page","status-publish","hentry"],"aioseo_notices":[],"_links":{"self":[{"href":"https:\/\/metalicaesquivel.com\/index.php?rest_route=\/wp\/v2\/pages\/2","targetHints":{"allow":["GET"]}}],"collection":[{"href":"https:\/\/metalicaesquivel.com\/index.php?rest_route=\/wp\/v2\/pages"}],"about":[{"href":"https:\/\/metalicaesquivel.com\/index.php?rest_route=\/wp\/v2\/types\/page"}],"author":[{"embeddable":true,"href":"https:\/\/metalicaesquivel.com\/index.php?rest_route=\/wp\/v2\/users\/1"}],"replies":[{"embeddable":true,"href":"https:\/\/metalicaesquivel.com\/index.php?rest_route=%2Fwp%2Fv2%2Fcomments&post=2"}],"version-history":[{"count":166,"href":"https:\/\/metalicaesquivel.com\/index.php?rest_route=\/wp\/v2\/pages\/2\/revisions"}],"predecessor-version":[{"id":711,"href":"https:\/\/metalicaesquivel.com\/index.php?rest_route=\/wp\/v2\/pages\/2\/revisions\/711"}],"wp:attachment":[{"href":"https:\/\/metalicaesquivel.com\/index.php?rest_route=%2Fwp%2Fv2%2Fmedia&parent=2"}],"curies":[{"name":"wp","href":"https:\/\/api.w.org\/{rel}","templated":true}]}}