{"id":154,"date":"2014-09-04T16:30:19","date_gmt":"2014-09-04T16:30:19","guid":{"rendered":"http:\/\/www.metalicaesquivel.com\/?page_id=154"},"modified":"2014-09-25T11:40:48","modified_gmt":"2014-09-25T11:40:48","slug":"nosotros","status":"publish","type":"page","link":"https:\/\/metalicaesquivel.com\/?page_id=154","title":{"rendered":"Nosotros"},"content":{"rendered":"<p>[et_pb_section fullwidth=\u00bbon\u00bb specialty=\u00bboff\u00bb][et_pb_fullwidth_slider admin_label=\u00bbFullwidth Slider\u00bb show_arrows=\u00bbon\u00bb show_pagination=\u00bbon\u00bb auto=\u00bboff\u00bb parallax=\u00bbon\u00bb parallax_method=\u00bboff\u00bb][et_pb_slide heading=\u00bbNosotros\u00bb background_image=\u00bbhttps:\/\/metalicaesquivel.com\/wp-content\/uploads\/2014\/09\/fondo2.jpg\u00bb background_color=\u00bb#ffffff\u00bb alignment=\u00bbbottom\u00bb background_layout=\u00bbdark\u00bb]Profesionales que amamos nuestro trabajo[\/et_pb_slide][\/et_pb_fullwidth_slider][\/et_pb_section][et_pb_section inner_shadow=\u00bboff\u00bb parallax=\u00bboff\u00bb][et_pb_row][et_pb_column type=\u00bb1_4&#8243;][et_pb_blurb admin_label=\u00bbBlurb\u00bb title=\u00bbExperiencia\u00bb url_new_window=\u00bboff\u00bb use_icon=\u00bboff\u00bb font_icon=\u00bb?\u00bb icon_color=\u00bb#7c8d9b\u00bb use_circle=\u00bboff\u00bb circle_color=\u00bb#2ea3f2&#8243; use_circle_border=\u00bboff\u00bb circle_border_color=\u00bb#2ea3f2&#8243; icon_placement=\u00bbtop\u00bb animation=\u00bboff\u00bb background_layout=\u00bblight\u00bb text_orientation=\u00bbcenter\u00bb image=\u00bbhttps:\/\/metalicaesquivel.com\/wp-content\/uploads\/2014\/09\/3-1.png\u00bb]Contamos con una dilatada experiencia que nos permite ofrecerle lo mejor de nosotros[\/et_pb_blurb][\/et_pb_column][et_pb_column type=\u00bb1_4&#8243;][et_pb_blurb admin_label=\u00bbBlurb\u00bb title=\u00bbVocaci\u00f3n\u00bb url_new_window=\u00bboff\u00bb use_icon=\u00bboff\u00bb font_icon=\u00bb?\u00bb icon_color=\u00bb#7c8d9b\u00bb use_circle=\u00bboff\u00bb circle_color=\u00bb#2ea3f2&#8243; use_circle_border=\u00bboff\u00bb circle_border_color=\u00bb#2ea3f2&#8243; icon_placement=\u00bbtop\u00bb animation=\u00bboff\u00bb background_layout=\u00bblight\u00bb text_orientation=\u00bbcenter\u00bb image=\u00bbhttps:\/\/metalicaesquivel.com\/wp-content\/uploads\/2014\/09\/3-2.png\u00bb]Todos los empleados son vocacionales y cuidadosamente seleccionados de plena confianza[\/et_pb_blurb][\/et_pb_column][et_pb_column type=\u00bb1_4&#8243;][et_pb_blurb admin_label=\u00bbBlurb\u00bb title=\u00bbAtenci\u00f3n Personalizada\u00bb url_new_window=\u00bboff\u00bb use_icon=\u00bboff\u00bb font_icon=\u00bb?\u00bb icon_color=\u00bb#7c8d9b\u00bb use_circle=\u00bboff\u00bb circle_color=\u00bb#2ea3f2&#8243; use_circle_border=\u00bboff\u00bb circle_border_color=\u00bb#2ea3f2&#8243; icon_placement=\u00bbtop\u00bb animation=\u00bboff\u00bb background_layout=\u00bblight\u00bb text_orientation=\u00bbcenter\u00bb image=\u00bbhttps:\/\/metalicaesquivel.com\/wp-content\/uploads\/2014\/09\/3-3.png\u00bb]Tenemos el objetivo de dar una atenci\u00f3n personalizada e individualizada a nuestros clientes.[\/et_pb_blurb][\/et_pb_column][et_pb_column type=\u00bb1_4&#8243;][et_pb_blurb admin_label=\u00bbBlurb\u00bb title=\u00bbCompromiso\u00bb url_new_window=\u00bboff\u00bb use_icon=\u00bboff\u00bb font_icon=\u00bb?\u00bb icon_color=\u00bb#7c8d9b\u00bb use_circle=\u00bboff\u00bb circle_color=\u00bb#2ea3f2&#8243; use_circle_border=\u00bboff\u00bb circle_border_color=\u00bb#2ea3f2&#8243; icon_placement=\u00bbtop\u00bb animation=\u00bboff\u00bb background_layout=\u00bblight\u00bb text_orientation=\u00bbcenter\u00bb image=\u00bbhttps:\/\/metalicaesquivel.com\/wp-content\/uploads\/2014\/09\/3-4.png\u00bb]Estamos comprometidos con su satisfacci\u00f3n. Nuestro trabajo no termina hasta conseguirla[\/et_pb_blurb][\/et_pb_column][\/et_pb_row][\/et_pb_section][et_pb_section fullwidth=\u00bboff\u00bb specialty=\u00bboff\u00bb background_color=\u00bb#f7f7f7&#8243; inner_shadow=\u00bbon\u00bb parallax=\u00bboff\u00bb][et_pb_row][et_pb_column type=\u00bb1_3&#8243;][et_pb_text admin_label=\u00bbText\u00bb background_layout=\u00bblight\u00bb text_orientation=\u00bbleft\u00bb]<\/p>\n<h1>Nuestra Meta<\/h1>\n<p>Dar todo lo mejor de nosotros en cada trabajo. Trabajamos en la carpinter\u00eda met\u00e1lica porque disfrutamos con ella. Para nosotros cada trabajo es una oportunidad \u00fanica  de volver a hacer lo que mejor sabemos y nos gusta.. Y eso se nota![\/et_pb_text][\/et_pb_column][et_pb_column type=\u00bb2_3&#8243;][et_pb_counters admin_label=\u00bbBar Counters\u00bb background_layout=\u00bblight\u00bb background_color=\u00bb#dddddd\u00bb bar_bg_color=\u00bb#2ea3f2&#8243;][et_pb_counter percent=\u00bb100&#8243;]Experiencia[\/et_pb_counter][et_pb_counter percent=\u00bb100&#8243;]Vocaci\u00f3n[\/et_pb_counter][et_pb_counter percent=\u00bb100&#8243;]Atenci\u00f3n Personalizada[\/et_pb_counter][et_pb_counter percent=\u00bb100&#8243;]Compromiso[\/et_pb_counter][\/et_pb_counters][\/et_pb_column][\/et_pb_row][\/et_pb_section][et_pb_section fullwidth=\u00bboff\u00bb specialty=\u00bboff\u00bb][et_pb_row][et_pb_column type=\u00bb1_3&#8243;][et_pb_team_member admin_label=\u00bbTeam Member\u00bb name=\u00bbNombre Apellidos\u00bb position=\u00bbGerente\u00bb image_url=\u00bbhttp:\/\/elegantthemesimages.com\/images\/premade\/d2-placeholder-320px.jpg\u00bb animation=\u00bbfade_in\u00bb background_layout=\u00bblight\u00bb facebook_url=\u00bb#\u00bb twitter_url=\u00bb#\u00bb google_url=\u00bb#\u00bb linkedin_url=\u00bb#\u00bb]Aqu\u00ed va un peque\u00f1o resumen del curriculum. Si se quiere se puede eliminar por completo esta zona de fotograf\u00edas[\/et_pb_team_member][\/et_pb_column][et_pb_column type=\u00bb1_3&#8243;][et_pb_team_member admin_label=\u00bbTeam Member\u00bb name=\u00bbNombre Apellidos\u00bb position=\u00bbEmpleado\u00bb image_url=\u00bbhttp:\/\/elegantthemesimages.com\/images\/premade\/d2-placeholder-320px.jpg\u00bb animation=\u00bbfade_in\u00bb background_layout=\u00bblight\u00bb facebook_url=\u00bb#\u00bb twitter_url=\u00bb#\u00bb google_url=\u00bb#\u00bb linkedin_url=\u00bb#\u00bb]Aqu\u00ed va un peque\u00f1o resumen del curriculum. Si se quiere se puede eliminar por completo esta zona de fotograf\u00edas[\/et_pb_team_member][\/et_pb_column][et_pb_column type=\u00bb1_3&#8243;][et_pb_team_member admin_label=\u00bbTeam Member\u00bb name=\u00bbNombre Apellidos\u00bb position=\u00bbEmpleado\u00bb image_url=\u00bbhttp:\/\/elegantthemesimages.com\/images\/premade\/d2-placeholder-320px.jpg\u00bb animation=\u00bbfade_in\u00bb background_layout=\u00bblight\u00bb facebook_url=\u00bb#\u00bb twitter_url=\u00bb#\u00bb google_url=\u00bb#\u00bb linkedin_url=\u00bb#\u00bb]Aqu\u00ed va un peque\u00f1o resumen del curriculum. Si se quiere se puede eliminar por completo esta zona de fotograf\u00edas[\/et_pb_team_member][\/et_pb_column][\/et_pb_row][\/et_pb_section]<\/p>\n","protected":false},"excerpt":{"rendered":"<p>Profesionales que amamos nuestro trabajo<div class=\"et_pb_row et_pb_row_0 et_pb_row_empty\">\n\t\t\t\t\n\t\t\t\t\n\t\t\t\t\n\t\t\t\t\n\t\t\t\t\n\t\t\t<\/div>Contamos con una dilatada experiencia que nos permite ofrecerle lo mejor de nosotrosTodos los empleados son vocacionales y cuidadosamente seleccionados de plena confianzaTenemos el objetivo de dar una atenci\u00f3n personalizada e individualizada a nuestros clientes.Estamos comprometidos con su satisfacci\u00f3n. Nuestro trabajo no termina hasta conseguirla<div class=\"et_pb_row et_pb_row_1 et_pb_row_empty\">\n\t\t\t\t\n\t\t\t\t\n\t\t\t\t\n\t\t\t\t\n\t\t\t\t\n\t\t\t<\/div>Nuestra Meta Dar todo lo mejor de [&hellip;]<\/p>\n","protected":false},"author":1,"featured_media":0,"parent":0,"menu_order":0,"comment_status":"open","ping_status":"closed","template":"","meta":{"_et_pb_use_builder":"on","_et_pb_old_content":"","_et_gb_content_width":"","footnotes":""},"class_list":["post-154","page","type-page","status-publish","hentry"],"aioseo_notices":[],"_links":{"self":[{"href":"https:\/\/metalicaesquivel.com\/index.php?rest_route=\/wp\/v2\/pages\/154","targetHints":{"allow":["GET"]}}],"collection":[{"href":"https:\/\/metalicaesquivel.com\/index.php?rest_route=\/wp\/v2\/pages"}],"about":[{"href":"https:\/\/metalicaesquivel.com\/index.php?rest_route=\/wp\/v2\/types\/page"}],"author":[{"embeddable":true,"href":"https:\/\/metalicaesquivel.com\/index.php?rest_route=\/wp\/v2\/users\/1"}],"replies":[{"embeddable":true,"href":"https:\/\/metalicaesquivel.com\/index.php?rest_route=%2Fwp%2Fv2%2Fcomments&post=154"}],"version-history":[{"count":40,"href":"https:\/\/metalicaesquivel.com\/index.php?rest_route=\/wp\/v2\/pages\/154\/revisions"}],"predecessor-version":[{"id":377,"href":"https:\/\/metalicaesquivel.com\/index.php?rest_route=\/wp\/v2\/pages\/154\/revisions\/377"}],"wp:attachment":[{"href":"https:\/\/metalicaesquivel.com\/index.php?rest_route=%2Fwp%2Fv2%2Fmedia&parent=154"}],"curies":[{"name":"wp","href":"https:\/\/api.w.org\/{rel}","templated":true}]}}